{"id":19138,"date":"2024-12-30T16:45:22","date_gmt":"2024-12-30T16:45:22","guid":{"rendered":"https:\/\/agencebranding.ca\/news\/"},"modified":"2025-12-08T18:50:02","modified_gmt":"2025-12-08T18:50:02","slug":"news","status":"publish","type":"page","link":"https:\/\/agencebranding.ca\/en\/news\/","title":{"rendered":"News"},"content":{"rendered":"\t\t<div data-elementor-type=\"page\" data-elementor-id=\"19138\" class=\"elementor elementor-19138 elementor-18303\" data-elementor-post-type=\"page\">\n\t\t\t\t<div class=\"elementor-element elementor-element-3226e2d0 e-con-full e-flex e-con e-parent\" data-id=\"3226e2d0\" data-element_type=\"container\" data-e-type=\"container\" data-settings=\"{&quot;background_background&quot;:&quot;classic&quot;}\">\n\t\t<div class=\"elementor-element elementor-element-56c9c4dc e-con-full e-flex e-con e-child\" data-id=\"56c9c4dc\" data-element_type=\"container\" data-e-type=\"container\" data-settings=\"{&quot;background_background&quot;:&quot;classic&quot;}\">\n\t\t\t\t<div class=\"elementor-element elementor-element-6b581c1a elementor-widget elementor-widget-heading\" data-id=\"6b581c1a\" data-element_type=\"widget\" data-e-type=\"widget\" data-widget_type=\"heading.default\">\n\t\t\t\t<div class=\"elementor-widget-container\">\n\t\t\t\t\t<h2 class=\"elementor-heading-title elementor-size-default\">News<\/h2>\t\t\t\t<\/div>\n\t\t\t\t<\/div>\n\t\t\t\t<div class=\"elementor-element elementor-element-47c1aa8d elementor-widget__width-initial elementor-widget elementor-widget-text-editor\" data-id=\"47c1aa8d\" data-element_type=\"widget\" data-e-type=\"widget\" data-widget_type=\"text-editor.default\">\n\t\t\t\t<div class=\"elementor-widget-container\">\n\t\t\t\t\t\t\t\t\t<p>Stay informed about what&#8217;s new and why things are the way they are<\/p>\t\t\t\t\t\t\t\t<\/div>\n\t\t\t\t<\/div>\n\t\t\t\t<\/div>\n\t\t\t\t<\/div>\n\t\t<div class=\"elementor-element elementor-element-254ac327 e-flex e-con-boxed e-con e-parent\" data-id=\"254ac327\" data-element_type=\"container\" data-e-type=\"container\">\n\t\t\t\t\t<div class=\"e-con-inner\">\n\t\t\t\t<div class=\"elementor-element elementor-element-5ad51e82 elementor-widget elementor-widget-elementskit-blog-posts\" data-id=\"5ad51e82\" data-element_type=\"widget\" data-e-type=\"widget\" data-widget_type=\"elementskit-blog-posts.default\">\n\t\t\t\t<div class=\"elementor-widget-container\">\n\t\t\t\t\t<div class=\"ekit-wid-con\" >        <div id=\"post-items--5ad51e82\" class=\"row post-items\">\n                    <div class=\"col-lg-4 col-md-6\">\n\n                                    <div class=\"elementskit-post-image-card\">\n                        <div class=\"elementskit-entry-header\">\n                                                            <a href=\"https:\/\/agencebranding.ca\/en\/2024\/11\/09\/why-improving-only-your-lighthouse-score-doesnt-guarantee-a-fast-website\/\" class=\"elementskit-entry-thumb\">\n                                    <img decoding=\"async\" src=\"https:\/\/agencebranding.ca\/wp-content\/uploads\/2024\/11\/lafosse.jpg\" alt=\"Why improving only your Lighthouse score doesn&#8217;t guarantee a fast website\">\n                                <\/a><!-- .elementskit-entry-thumb END -->\n                                                            \n                            \n\t\t\t\t\t\t\t\t\t\t\t\t\t<\/div><!-- .elementskit-entry-header END -->\n\n\t\t\t\t\t\t<div class=\"elementskit-post-body \">\n\t\t\t\t\t\t\t\n\t\t\t\t\t\t\t\t\t\t\t\t\t\t\t\t\t\t\t\t\t\t\t\t\t\n\t\t\t\t\t\t\t\t\n\t\t\t\t\t\t\t\t\t\t\t\t\t\t\t\t\t\t\t\t\t<h2 class=\"entry-title\">\n\t\t\t\t\t<a href=\"https:\/\/agencebranding.ca\/en\/2024\/11\/09\/why-improving-only-your-lighthouse-score-doesnt-guarantee-a-fast-website\/\">\n\t\t\t\t\t\tWhy improving only your Lighthouse score doesn&#8217;t guarantee a fast website\t\t\t\t\t<\/a>\n\t\t\t\t<\/h2>\n\t\t\t\t\t\t\t\t\t\t\t\t\t\t\t\t\t\t\t\t\t\t\t\t\t\t\t\t\t\t\t\t\t\t\t\t\t\t\t\t\t\t<p>&quot;Proud of your 100% Lighthouse score? Well deserved! However, keep in mind that this only gives you a partial view&hellip;<\/p>\n\t\t\t\t\t\t\t\t\t\t\t\t\t\t\t\t\t\t\t\t\t\t                                                            <div class=\"btn-wraper\">\n                                    \n                                                                            <a class=\"elementskit-btn whitespace--normal\" id=\"\" href=\"https:\/\/agencebranding.ca\/en\/2024\/11\/09\/why-improving-only-your-lighthouse-score-doesnt-guarantee-a-fast-website\/\">\n                                        \t                                            Read more                                        <\/a>\n                                                                    <\/div>\n                                                    <\/div><!-- .elementskit-post-body END -->\n                    <\/div>\n                \n            <\/div>\n                <\/div>\n       <\/div>\t\t\t\t<\/div>\n\t\t\t\t<\/div>\n\t\t\t\t\t<\/div>\n\t\t\t\t<\/div>\n\t\t<div class=\"elementor-element elementor-element-836e7e8 e-flex e-con-boxed e-con e-parent\" data-id=\"836e7e8\" data-element_type=\"container\" data-e-type=\"container\">\n\t\t\t\t\t<div class=\"e-con-inner\">\n\t\t\t\t<div class=\"elementor-element elementor-element-6b8ea4c elementor-widget elementor-widget-menu-anchor\" data-id=\"6b8ea4c\" data-element_type=\"widget\" data-e-type=\"widget\" data-widget_type=\"menu-anchor.default\">\n\t\t\t\t<div class=\"elementor-widget-container\">\n\t\t\t\t\t\t\t<div class=\"elementor-menu-anchor\" id=\"News\"><\/div>\n\t\t\t\t\t\t<\/div>\n\t\t\t\t<\/div>\n\t\t\t\t\t<\/div>\n\t\t\t\t<\/div>\n\t\t\t\t<\/div>\n\t\t","protected":false},"excerpt":{"rendered":"<p>News Stay informed about what&#8217;s new and why things are the way they are Pourquoi am\u00e9liorer uniquement votre score Lighthouse ne garantit pas un site Web rapide &quot;Fier de votre score Lighthouse de 100 % ? C&#039;est m\u00e9rit\u00e9 ! Cependant, gardez \u00e0 l\u2019esprit que cela ne vous\u2026 Read more<\/p>\n","protected":false},"author":1,"featured_media":19874,"parent":0,"menu_order":4,"comment_status":"closed","ping_status":"closed","template":"elementor_header_footer","meta":{"footnotes":""},"class_list":["post-19138","page","type-page","status-publish","has-post-thumbnail","hentry"],"yoast_head":"<!-- This site is optimized with the Yoast SEO plugin v27.3 - https:\/\/yoast.com\/product\/yoast-seo-wordpress\/ -->\n<title>News and Articles on Computer Graphics, Web and Print<\/title>\n<meta name=\"description\" content=\"Discover the latest news and articles on computer graphics, the web environment and offset, digital and large-format printing.\" \/>\n<meta name=\"robots\" content=\"index, follow, max-snippet:-1, max-image-preview:large, max-video-preview:-1\" \/>\n<link rel=\"canonical\" href=\"https:\/\/agencebranding.ca\/en\/news\/\" \/>\n<meta property=\"og:locale\" content=\"en_US\" \/>\n<meta property=\"og:type\" content=\"article\" \/>\n<meta property=\"og:title\" content=\"News and Articles on Computer Graphics, Web and Print\" \/>\n<meta property=\"og:description\" content=\"Discover the latest news and articles on computer graphics, the web environment and offset, digital and large-format printing.\" \/>\n<meta property=\"og:url\" content=\"https:\/\/agencebranding.ca\/en\/news\/\" \/>\n<meta property=\"og:site_name\" content=\"Agence BRANDING\" \/>\n<meta property=\"article:publisher\" content=\"https:\/\/www.facebook.com\/agencebranding\" \/>\n<meta property=\"article:modified_time\" content=\"2025-12-08T18:50:02+00:00\" \/>\n<meta property=\"og:image\" content=\"https:\/\/agencebranding.ca\/wp-content\/uploads\/2025\/06\/logo_Agence_BRANDING_carre-scaled.jpg\" \/>\n\t<meta property=\"og:image:width\" content=\"2048\" \/>\n\t<meta property=\"og:image:height\" content=\"2048\" \/>\n\t<meta property=\"og:image:type\" content=\"image\/jpeg\" \/>\n<meta name=\"twitter:card\" content=\"summary_large_image\" \/>\n<script type=\"application\/ld+json\" class=\"yoast-schema-graph\">{\"@context\":\"https:\\\/\\\/schema.org\",\"@graph\":[{\"@type\":\"WebPage\",\"@id\":\"https:\\\/\\\/agencebranding.ca\\\/en\\\/news\\\/\",\"url\":\"https:\\\/\\\/agencebranding.ca\\\/en\\\/news\\\/\",\"name\":\"News and Articles on Computer Graphics, Web and Print\",\"isPartOf\":{\"@id\":\"https:\\\/\\\/agencebranding.ca\\\/en\\\/#website\"},\"primaryImageOfPage\":{\"@id\":\"https:\\\/\\\/agencebranding.ca\\\/en\\\/news\\\/#primaryimage\"},\"image\":{\"@id\":\"https:\\\/\\\/agencebranding.ca\\\/en\\\/news\\\/#primaryimage\"},\"thumbnailUrl\":\"https:\\\/\\\/agencebranding.ca\\\/wp-content\\\/uploads\\\/2025\\\/06\\\/logo_Agence_BRANDING_carre-scaled.jpg\",\"datePublished\":\"2024-12-30T16:45:22+00:00\",\"dateModified\":\"2025-12-08T18:50:02+00:00\",\"description\":\"Discover the latest news and articles on computer graphics, the web environment and offset, digital and large-format printing.\",\"breadcrumb\":{\"@id\":\"https:\\\/\\\/agencebranding.ca\\\/en\\\/news\\\/#breadcrumb\"},\"inLanguage\":\"en-US\",\"potentialAction\":[{\"@type\":\"ReadAction\",\"target\":[\"https:\\\/\\\/agencebranding.ca\\\/en\\\/news\\\/\"]}]},{\"@type\":\"ImageObject\",\"inLanguage\":\"en-US\",\"@id\":\"https:\\\/\\\/agencebranding.ca\\\/en\\\/news\\\/#primaryimage\",\"url\":\"https:\\\/\\\/agencebranding.ca\\\/wp-content\\\/uploads\\\/2025\\\/06\\\/logo_Agence_BRANDING_carre-scaled.jpg\",\"contentUrl\":\"https:\\\/\\\/agencebranding.ca\\\/wp-content\\\/uploads\\\/2025\\\/06\\\/logo_Agence_BRANDING_carre-scaled.jpg\",\"width\":2048,\"height\":2048},{\"@type\":\"BreadcrumbList\",\"@id\":\"https:\\\/\\\/agencebranding.ca\\\/en\\\/news\\\/#breadcrumb\",\"itemListElement\":[{\"@type\":\"ListItem\",\"position\":1,\"name\":\"Accueil\",\"item\":\"https:\\\/\\\/agencebranding.ca\\\/en\\\/\"},{\"@type\":\"ListItem\",\"position\":2,\"name\":\"News\"}]},{\"@type\":\"WebSite\",\"@id\":\"https:\\\/\\\/agencebranding.ca\\\/en\\\/#website\",\"url\":\"https:\\\/\\\/agencebranding.ca\\\/en\\\/\",\"name\":\"Agence BRANDING\",\"description\":\"Agence cr\u00e9ative\",\"publisher\":{\"@id\":\"https:\\\/\\\/agencebranding.ca\\\/en\\\/#organization\"},\"alternateName\":\"Agence BRANDING\",\"potentialAction\":[{\"@type\":\"SearchAction\",\"target\":{\"@type\":\"EntryPoint\",\"urlTemplate\":\"https:\\\/\\\/agencebranding.ca\\\/en\\\/?s={search_term_string}\"},\"query-input\":{\"@type\":\"PropertyValueSpecification\",\"valueRequired\":true,\"valueName\":\"search_term_string\"}}],\"inLanguage\":\"en-US\"},{\"@type\":\"Organization\",\"@id\":\"https:\\\/\\\/agencebranding.ca\\\/en\\\/#organization\",\"name\":\"Agence BRANDING\",\"alternateName\":\"Agence BRANDING\",\"url\":\"https:\\\/\\\/agencebranding.ca\\\/en\\\/\",\"logo\":{\"@type\":\"ImageObject\",\"inLanguage\":\"en-US\",\"@id\":\"https:\\\/\\\/agencebranding.ca\\\/en\\\/#\\\/schema\\\/logo\\\/image\\\/\",\"url\":\"https:\\\/\\\/agencebranding.ca\\\/wp-content\\\/uploads\\\/2024\\\/10\\\/logo_Agence_BRANDING_carre.webp\",\"contentUrl\":\"https:\\\/\\\/agencebranding.ca\\\/wp-content\\\/uploads\\\/2024\\\/10\\\/logo_Agence_BRANDING_carre.webp\",\"width\":1920,\"height\":1920,\"caption\":\"Agence BRANDING\"},\"image\":{\"@id\":\"https:\\\/\\\/agencebranding.ca\\\/en\\\/#\\\/schema\\\/logo\\\/image\\\/\"},\"sameAs\":[\"https:\\\/\\\/www.facebook.com\\\/agencebranding\"]}]}<\/script>\n<!-- \/ Yoast SEO plugin. -->","yoast_head_json":{"title":"News and Articles on Computer Graphics, Web and Print","description":"Discover the latest news and articles on computer graphics, the web environment and offset, digital and large-format printing.","robots":{"index":"index","follow":"follow","max-snippet":"max-snippet:-1","max-image-preview":"max-image-preview:large","max-video-preview":"max-video-preview:-1"},"canonical":"https:\/\/agencebranding.ca\/en\/news\/","og_locale":"en_US","og_type":"article","og_title":"News and Articles on Computer Graphics, Web and Print","og_description":"Discover the latest news and articles on computer graphics, the web environment and offset, digital and large-format printing.","og_url":"https:\/\/agencebranding.ca\/en\/news\/","og_site_name":"Agence BRANDING","article_publisher":"https:\/\/www.facebook.com\/agencebranding","article_modified_time":"2025-12-08T18:50:02+00:00","og_image":[{"width":2048,"height":2048,"url":"https:\/\/agencebranding.ca\/wp-content\/uploads\/2025\/06\/logo_Agence_BRANDING_carre-scaled.jpg","type":"image\/jpeg"}],"twitter_card":"summary_large_image","schema":{"@context":"https:\/\/schema.org","@graph":[{"@type":"WebPage","@id":"https:\/\/agencebranding.ca\/en\/news\/","url":"https:\/\/agencebranding.ca\/en\/news\/","name":"News and Articles on Computer Graphics, Web and Print","isPartOf":{"@id":"https:\/\/agencebranding.ca\/en\/#website"},"primaryImageOfPage":{"@id":"https:\/\/agencebranding.ca\/en\/news\/#primaryimage"},"image":{"@id":"https:\/\/agencebranding.ca\/en\/news\/#primaryimage"},"thumbnailUrl":"https:\/\/agencebranding.ca\/wp-content\/uploads\/2025\/06\/logo_Agence_BRANDING_carre-scaled.jpg","datePublished":"2024-12-30T16:45:22+00:00","dateModified":"2025-12-08T18:50:02+00:00","description":"Discover the latest news and articles on computer graphics, the web environment and offset, digital and large-format printing.","breadcrumb":{"@id":"https:\/\/agencebranding.ca\/en\/news\/#breadcrumb"},"inLanguage":"en-US","potentialAction":[{"@type":"ReadAction","target":["https:\/\/agencebranding.ca\/en\/news\/"]}]},{"@type":"ImageObject","inLanguage":"en-US","@id":"https:\/\/agencebranding.ca\/en\/news\/#primaryimage","url":"https:\/\/agencebranding.ca\/wp-content\/uploads\/2025\/06\/logo_Agence_BRANDING_carre-scaled.jpg","contentUrl":"https:\/\/agencebranding.ca\/wp-content\/uploads\/2025\/06\/logo_Agence_BRANDING_carre-scaled.jpg","width":2048,"height":2048},{"@type":"BreadcrumbList","@id":"https:\/\/agencebranding.ca\/en\/news\/#breadcrumb","itemListElement":[{"@type":"ListItem","position":1,"name":"Accueil","item":"https:\/\/agencebranding.ca\/en\/"},{"@type":"ListItem","position":2,"name":"News"}]},{"@type":"WebSite","@id":"https:\/\/agencebranding.ca\/en\/#website","url":"https:\/\/agencebranding.ca\/en\/","name":"Agence BRANDING","description":"Agence cr\u00e9ative","publisher":{"@id":"https:\/\/agencebranding.ca\/en\/#organization"},"alternateName":"Agence BRANDING","potentialAction":[{"@type":"SearchAction","target":{"@type":"EntryPoint","urlTemplate":"https:\/\/agencebranding.ca\/en\/?s={search_term_string}"},"query-input":{"@type":"PropertyValueSpecification","valueRequired":true,"valueName":"search_term_string"}}],"inLanguage":"en-US"},{"@type":"Organization","@id":"https:\/\/agencebranding.ca\/en\/#organization","name":"Agence BRANDING","alternateName":"Agence BRANDING","url":"https:\/\/agencebranding.ca\/en\/","logo":{"@type":"ImageObject","inLanguage":"en-US","@id":"https:\/\/agencebranding.ca\/en\/#\/schema\/logo\/image\/","url":"https:\/\/agencebranding.ca\/wp-content\/uploads\/2024\/10\/logo_Agence_BRANDING_carre.webp","contentUrl":"https:\/\/agencebranding.ca\/wp-content\/uploads\/2024\/10\/logo_Agence_BRANDING_carre.webp","width":1920,"height":1920,"caption":"Agence BRANDING"},"image":{"@id":"https:\/\/agencebranding.ca\/en\/#\/schema\/logo\/image\/"},"sameAs":["https:\/\/www.facebook.com\/agencebranding"]}]}},"_links":{"self":[{"href":"https:\/\/agencebranding.ca\/en\/wp-json\/wp\/v2\/pages\/19138","targetHints":{"allow":["GET"]}}],"collection":[{"href":"https:\/\/agencebranding.ca\/en\/wp-json\/wp\/v2\/pages"}],"about":[{"href":"https:\/\/agencebranding.ca\/en\/wp-json\/wp\/v2\/types\/page"}],"author":[{"embeddable":true,"href":"https:\/\/agencebranding.ca\/en\/wp-json\/wp\/v2\/users\/1"}],"replies":[{"embeddable":true,"href":"https:\/\/agencebranding.ca\/en\/wp-json\/wp\/v2\/comments?post=19138"}],"version-history":[{"count":16,"href":"https:\/\/agencebranding.ca\/en\/wp-json\/wp\/v2\/pages\/19138\/revisions"}],"predecessor-version":[{"id":20771,"href":"https:\/\/agencebranding.ca\/en\/wp-json\/wp\/v2\/pages\/19138\/revisions\/20771"}],"wp:featuredmedia":[{"embeddable":true,"href":"https:\/\/agencebranding.ca\/en\/wp-json\/wp\/v2\/media\/19874"}],"wp:attachment":[{"href":"https:\/\/agencebranding.ca\/en\/wp-json\/wp\/v2\/media?parent=19138"}],"curies":[{"name":"wp","href":"https:\/\/api.w.org\/{rel}","templated":true}]}}